{"id":902,"date":"2022-09-30T11:19:55","date_gmt":"2022-09-30T11:19:55","guid":{"rendered":"https:\/\/e-switchon.eu\/polityka-prywatnosci\/"},"modified":"2023-09-11T06:30:46","modified_gmt":"2023-09-11T06:30:46","slug":"polityka-prywatnosci","status":"publish","type":"page","link":"https:\/\/e-switchon.eu\/pl\/polityka-prywatnosci\/","title":{"rendered":"Polityka prywatno\u015bci"},"content":{"rendered":"\t\t<div data-elementor-type=\"wp-page\" data-elementor-id=\"902\" class=\"elementor elementor-902 elementor-203\">\n\t\t\t\t\t\t\t\t\t<section class=\"elementor-section elementor-top-section elementor-element elementor-element-13a6f1a elementor-section-boxed elementor-section-height-default elementor-section-height-default\" data-id=\"13a6f1a\" data-element_type=\"section\">\n\t\t\t\t\t\t<div class=\"elementor-container elementor-column-gap-default\">\n\t\t\t\t\t<div class=\"elementor-column elementor-col-100 elementor-top-column elementor-element elementor-element-74fd6f4\" data-id=\"74fd6f4\" data-element_type=\"column\">\n\t\t\t<div class=\"elementor-widget-wrap elementor-element-populated\">\n\t\t\t\t\t\t\t\t<section class=\"elementor-section elementor-inner-section elementor-element elementor-element-ec346ca elementor-section-boxed elementor-section-height-default elementor-section-height-default\" data-id=\"ec346ca\" data-element_type=\"section\">\n\t\t\t\t\t\t<div class=\"elementor-container elementor-column-gap-default\">\n\t\t\t\t\t<div class=\"elementor-column elementor-col-100 elementor-inner-column elementor-element elementor-element-72fbaca\" data-id=\"72fbaca\" data-element_type=\"column\">\n\t\t\t<div class=\"elementor-widget-wrap elementor-element-populated\">\n\t\t\t\t\t\t\t\t<div class=\"elementor-element elementor-element-d5ba0d6 elementor-widget elementor-widget-text-editor\" data-id=\"d5ba0d6\" data-element_type=\"widget\" data-widget_type=\"text-editor.default\">\n\t\t\t\t<div class=\"elementor-widget-container\">\n\t\t\t<style>\/*! elementor - v3.8.1 - 13-11-2022 *\/\n.elementor-widget-text-editor.elementor-drop-cap-view-stacked .elementor-drop-cap{background-color:#818a91;color:#fff}.elementor-widget-text-editor.elementor-drop-cap-view-framed .elementor-drop-cap{color:#818a91;border:3px solid;background-color:transparent}.elementor-widget-text-editor:not(.elementor-drop-cap-view-default) .elementor-drop-cap{margin-top:8px}.elementor-widget-text-editor:not(.elementor-drop-cap-view-default) .elementor-drop-cap-letter{width:1em;height:1em}.elementor-widget-text-editor .elementor-drop-cap{float:left;text-align:center;line-height:1;font-size:50px}.elementor-widget-text-editor .elementor-drop-cap-letter{display:inline-block}<\/style>\t\t\t\t<p><strong>Og\u00f3lnie<\/strong><\/p>\n<p>Informacje dobrowolnie dostarczone przez u\u017cytkownik\u00f3w wspomnianej strony internetowej s\u0105 wykorzystywane przez quizem.com w celu umo\u017cliwienia u\u017cytkownikom bezpo\u015bredniej i znacz\u0105cej komunikacji ze sklepem, uzyskania odpowiedzi na konkretne pytania, kt\u00f3re zadaj\u0105, a tak\u017ce w celu obs\u0142ugi i realizacji ich zam\u00f3wie\u0144. Informacje, kt\u00f3re quizem.com gromadzi za po\u015brednictwem strony internetowej, maj\u0105 na celu zmierzenie liczby odwiedzin, okre\u015blenie wymaga\u0144 klient\u00f3w dotycz\u0105cych wi\u0119kszej liczby produkt\u00f3w oraz u\u0142atwienie kontakt\u00f3w z firm\u0105. quizem.com nie przekazuje \u017cadnej innej organizacji ani partnerowi, kt\u00f3ry nie jest zwi\u0105zany z quizem.com, adres\u00f3w e-mail ani \u017cadnych innych informacji dotycz\u0105cych jej u\u017cytkownik\u00f3w i klient\u00f3w.<\/p>\n<p><strong>Gromadzenie informacji<\/strong><\/p>\n<p>Quizem.com zaprojektowa\u0142 swoj\u0105 stron\u0119 internetow\u0105 w taki spos\u00f3b, aby u\u017cytkownicy mogli j\u0105 odwiedza\u0107 bez konieczno\u015bci ujawniania swojej to\u017csamo\u015bci, chyba \u017ce zdecyduj\u0105 si\u0119 to zrobi\u0107. Odwiedzaj\u0105cy nasz\u0105 stron\u0119 internetow\u0105 s\u0105 proszeni o podanie nam swoich danych osobowych tylko wtedy, gdy chc\u0105 zam\u00f3wi\u0107 produkt(y), zarejestrowa\u0107 si\u0119 na naszej stronie internetowej i\/lub wys\u0142a\u0107 wiadomo\u015b\u0107 e-mail do quizem.com.<\/p>\n<p><strong>Wykorzystanie informacji<\/strong><\/p>\n<p>Quizem.com gromadzi dwa rodzaje informacji o u\u017cytkownikach: (1) informacje, kt\u00f3re u\u017cytkownik przekazuje nam podczas rejestracji jako klient, (2) informacje, kt\u00f3re u\u017cytkownik przekazuje nam w celu realizacji zam\u00f3wienia z quizem.com. Podczas wype\u0142niania dowolnego formularza zam\u00f3wienia na naszej stronie internetowej u\u017cytkownik zostanie poproszony o podanie imienia i nazwiska, adresu, kodu pocztowego obszaru, adresu e-mail, numeru telefonu, danych karty kredytowej, metody p\u0142atno\u015bci za zam\u00f3wienie. Ponadto mo\u017cesz zosta\u0107 poproszony o podanie bardziej szczeg\u00f3\u0142owych informacji, takich jak informacje dotycz\u0105ce wysy\u0142ki i dostawy zam\u00f3wienia, informacje rozliczeniowe lub szczeg\u00f3\u0142y dotycz\u0105ce oferty, o kt\u00f3r\u0105 prosi\u0142e\u015b. . quizem.com wykorzystuje informacje podane nam podczas przesy\u0142ania formularza online w celu skontaktowania si\u0119 z Tob\u0105 w sprawie (i) dostawy zam\u00f3wienia do Twojej lokalizacji, (ii) potwierdzenia i identyfikacji klienta w ka\u017cdym niezb\u0119dnym przypadku, (iii) nowych lub alternatywnych produkt\u00f3w oferowanych przez quizem.com, (iv) ofert specjalnych quizem.com, (v) odbioru nagr\u00f3d po losowaniu konkursowym.<\/p>\n<p><strong>Poprawianie, zmienianie lub usuwanie informacji<\/strong><\/p>\n<p>Quizem.com umo\u017cliwia swoim u\u017cytkownikom poprawianie, zmienianie, uzupe\u0142nianie lub usuwanie danych i informacji przes\u0142anych do quizem.com. Je\u015bli u\u017cytkownik zdecyduje si\u0119 usun\u0105\u0107 informacje, quizem.com podejmie dzia\u0142ania w celu natychmiastowego usuni\u0119cia tych informacji ze swoich rejestr\u00f3w. Dla ochrony i bezpiecze\u0144stwa u\u017cytkownika quizem.com postara si\u0119 upewni\u0107, \u017ce osoba dokonuj\u0105ca zmian jest rzeczywi\u015bcie t\u0105 sam\u0105 osob\u0105, co u\u017cytkownik. Aby uzyska\u0107 dost\u0119p, zmieni\u0107 lub usun\u0105\u0107 swoje dane osobowe, zg\u0142osi\u0107 problemy zwi\u0105zane z dzia\u0142aniem strony internetowej lub zada\u0107 jakiekolwiek pytanie, nale\u017cy skontaktowa\u0107 si\u0119 z quizem.com za po\u015brednictwem www.quizem.com. Zmiany lub korekty danych osobowych mo\u017cna r\u00f3wnie\u017c dokona\u0107 za po\u015brednictwem strony rejestracyjnej quizem.com. Nale\u017cy pami\u0119ta\u0107, \u017ce do\u0142o\u017cymy wszelkich stara\u0144, aby chroni\u0107 dane osobowe u\u017cytkownika, ale ochrona has\u0142a na naszej stronie internetowej zale\u017cy r\u00f3wnie\u017c od u\u017cytkownika.<\/p>\n<p><strong>Okresowe zmiany<\/strong><\/p>\n<p>Quizem.com stale rozwija, aktualizuje i ulepsza swoj\u0105 stron\u0119 internetow\u0105 oraz powi\u0105zane z ni\u0105 produkty i us\u0142ugi, w zwi\u0105zku z czym b\u0119dzie aktualizowa\u0107 niniejsz\u0105 polityk\u0119. .Zalecamy zapoznawanie si\u0119 z niniejsz\u0105 procedur\u0105 w regularnych odst\u0119pach czasu, aby by\u0107 informowanym o wszelkich zmianach w tre\u015bci niniejszej polityki ochrony danych osobowych. Niniejsza polityka b\u0119dzie od czasu do czasu zmieniana bez uprzedniego powiadomienia u\u017cytkownik\u00f3w. Akceptacja procedur ochrony prywatno\u015bci wdro\u017conych przez quizem.com<\/p>\n<p>Korzystanie z niniejszej strony internetowej oznacza akceptacj\u0119 i wyra\u017cenie zgody na niniejsze O\u015bwiadczenie o ochronie prywatno\u015bci, jak r\u00f3wnie\u017c na warunki korzystania ze strony internetowej, kt\u00f3re zosta\u0142y og\u0142oszone za jej po\u015brednictwem.<\/p>\n<p><strong>Polityka plik\u00f3w cookies<\/strong><\/p>\n<p>Ta strona u\u017cywa plik\u00f3w cookie. Robimy to, aby lepiej zrozumie\u0107, w jaki spos\u00f3b odwiedzaj\u0105cy korzystaj\u0105 z naszej witryny i zapewni\u0107 bardziej spersonalizowane wra\u017cenia. Mo\u017cemy zbiera\u0107 statystyki bezpo\u015brednio i za po\u015brednictwem naszych partner\u00f3w podczas wizyty u\u017cytkownika.<\/p>\n<p><strong>Czym s\u0105 pliki cookie?<\/strong><\/p>\n<p>Pliki cookie to ma\u0142e pliki tekstowe, kt\u00f3re s\u0105 przechowywane na dysku twardym ka\u017cdego odwiedzaj\u0105cego \/ u\u017cytkownika, na jego smartfonie lub na innym urz\u0105dzeniu pod\u0142\u0105czonym do Internetu w celu unikalnej identyfikacji przegl\u0105darki odwiedzaj\u0105cego lub przechowywania informacji i ustawie\u0144 w przegl\u0105darce, takich jak preferowany j\u0119zyk.<\/p>\n<p>S\u0105 one wykorzystywane w celu u\u0142atwienia odwiedzaj\u0105cemu \/ u\u017cytkownikowi dost\u0119pu w zakresie korzystania z okre\u015blonych us\u0142ug naszej witryny, dostarczania spersonalizowanych stron internetowych oraz dostosowywania reklam i innych tre\u015bci w celu odzwierciedlenia konkretnych potrzeb i zainteresowa\u0144 u\u017cytkownika. Mo\u017ce to sprawi\u0107, \u017ce nast\u0119pna wizyta b\u0119dzie \u0142atwiejsza, a witryna bardziej przydatna.<\/p>\n<p>Pliki cookie nie mog\u0105 by\u0107 wykonywane jako kody lub wykorzystywane do przesy\u0142ania wirus\u00f3w i nie mog\u0105 zapewni\u0107 nam dost\u0119pu do dysku twardego u\u017cytkownika. Nie mo\u017cemy odczyta\u0107 \u017cadnych informacji z dysku twardego u\u017cytkownika, nawet je\u015bli przechowujemy na nim pliki cookie. Na podstawie tych informacji nie mo\u017cemy ustali\u0107 to\u017csamo\u015bci u\u017cytkownika.<\/p>\n<p>U\u017cytkownik mo\u017ce wy\u0142\u0105czy\u0107 pliki cookie ju\u017c zapisane na jego komputerze, ale wa\u017cne jest, aby wiedzie\u0107, \u017ce niekt\u00f3re funkcje s\u0105 dost\u0119pne tylko dzi\u0119ki wykorzystaniu plik\u00f3w cookie i je\u015bli u\u017cytkownik zdecyduje si\u0119 odrzuci\u0107 pliki cookie, funkcje te mog\u0105 by\u0107 niedost\u0119pne.<\/p>\n<p>Wykorzystanie plik\u00f3w cookie na naszej stronie internetowej odnosi si\u0119 do nast\u0119puj\u0105cych kategorii:<\/p>\n<p><strong>\u015aci\u015ble i wy\u0142\u0105cznie niezb\u0119dne pliki cookie<\/strong><\/p>\n<p>Te pliki cookie s\u0105 niezb\u0119dne do realizacji transakcji lub \u017c\u0105dania z\u0142o\u017conego przez u\u017cytkownika. Przyk\u0142ady obejmuj\u0105 przechowywanie (&#8222;zapami\u0119tywanie&#8221;) informacji podanych przez u\u017cytkownika podczas przegl\u0105dania Witryny w celu wys\u0142ania lub \u015bledzenia paczki oraz zarz\u0105dzania statusem logowania podczas wizyty.<\/p>\n<p><strong>Funkcjonalne pliki cookie<\/strong><\/p>\n<p>Te pliki cookie umo\u017cliwiaj\u0105 witrynie zapami\u0119tanie wybor\u00f3w dokonanych przez u\u017cytkownika w celu zapewnienia funkcjonalno\u015bci z korzy\u015bci\u0105 dla u\u017cytkownika. Na przyk\u0142ad funkcjonalne pliki cookie umo\u017cliwiaj\u0105 witrynie zapami\u0119tanie ustawie\u0144 specyficznych dla u\u017cytkownika, takich jak wyb\u00f3r kraju i status ci\u0105g\u0142ego po\u0142\u0105czenia, je\u015bli zosta\u0142 wybrany przez u\u017cytkownika, a tak\u017ce wy\u015bwietlanie poprzednich przesy\u0142ek, \u015bledzonych paczek i innych spersonalizowanych funkcji.<\/p>\n<p><strong>Szczeg\u00f3\u0142owe pliki cookie<\/strong><\/p>\n<p>Te pliki cookie umo\u017cliwiaj\u0105 nam gromadzenie danych zwi\u0105zanych z korzystaniem z witryny przez u\u017cytkownika, w tym tre\u015bci klikanych podczas przegl\u0105dania witryny, w celu poprawy wydajno\u015bci i wygl\u0105du witryny. Te pliki cookie mog\u0105 by\u0107 dostarczane przez zewn\u0119trznego dostawc\u0119 narz\u0119dzi analitycznych, ale s\u0105 wykorzystywane wy\u0142\u0105cznie do cel\u00f3w zwi\u0105zanych z naszymi witrynami internetowymi.<\/p>\n<p><strong>Ukierunkowane pliki cookie<\/strong><\/p>\n<p>Te pliki cookie zapami\u0119tuj\u0105 informacje o korzystaniu z witryny przez u\u017cytkownika, dzi\u0119ki czemu mo\u017cemy dostarcza\u0107 mu informacje promocyjne i inne ukierunkowane informacje na naszej stronie internetowej.<\/p>\n<p><strong>Pliki cookie zapobiegaj\u0105ce oszustwom<\/strong><\/p>\n<p>Te pliki cookie przechowuj\u0105 informacje, kt\u00f3re pomagaj\u0105 nam powstrzyma\u0107 nieuczciwe korzystanie z Witryny.<\/p>\n<p><strong>\u015aledz\u0105ce pliki cookie<\/strong><\/p>\n<p>cookieTe pliki cookie pozwalaj\u0105 nam przechowywa\u0107 informacje o tym, w jaki spos\u00f3b u\u017cytkownicy dotarli do Witryny. Musimy to rejestrowa\u0107, aby m\u00f3c odpowiednio p\u0142aci\u0107 naszym partnerom.<\/p>\n<p><strong>Pliki cookie do pomiaru wydajno\u015bci witryny<\/strong><\/p>\n<p>witrynyTe pliki cookie s\u0142u\u017c\u0105 do zbierania anonimowych danych statystycznych, kt\u00f3re pozwalaj\u0105 nam zrozumie\u0107, w jaki spos\u00f3b u\u017cytkownicy korzystaj\u0105 z naszej witryny internetowej i pomagaj\u0105 nam ulepsza\u0107 jej struktur\u0119 i zawarto\u015b\u0107.<\/p>\n<p>Gdy w Witrynie znajduj\u0105 si\u0119 \u0142\u0105cza do witryn internetowych os\u00f3b trzecich, nale\u017cy pami\u0119ta\u0107, \u017ce witryny te b\u0119d\u0105 mia\u0142y w\u0142asne pliki cookie i polityki prywatno\u015bci, kt\u00f3re b\u0119d\u0105 regulowa\u0107 wszelkie informacje, kt\u00f3re u\u017cytkownik mo\u017ce przes\u0142a\u0107. Je\u015bli u\u017cytkownik zdecyduje si\u0119 na skorzystanie z jakiejkolwiek po\u0142\u0105czonej strony internetowej osoby trzeciej, powinien przedtem zapozna\u0107 si\u0119 z jej plikami cookie i polityk\u0105 prywatno\u015bci.<\/p>\n<\/p>\n<p><strong>Zmiana ustawie\u0144 plik\u00f3w cookie w przegl\u0105darce<\/strong><\/p>\n<p>Ka\u017cda przegl\u0105darka internetowa zapewnia jasne instrukcje dotycz\u0105ce polityki korzystania z plik\u00f3w cookie. Aby uzyska\u0107 wi\u0119cej informacji na temat zarz\u0105dzania plikami cookie, odwied\u017a odpowiednie \u0142\u0105cze poni\u017cej.<\/p>\n<p>Internet Explorer<\/p>\n<p>Firefox<\/p>\n<p>Google Chrome<\/p>\n<p>Safari<\/p>\n<p>Zalecamy zapoznanie si\u0119 z oficjaln\u0105 literatur\u0105 producenta w celu uzyskania najbardziej aktualnych informacji. Wi\u0119cej informacji na temat plik\u00f3w cookie mo\u017cna znale\u017a\u0107 na stronie www.allaboutcookies.org. Dalsze korzystanie z tej witryny oznacza wyra\u017cenie zgody na korzystanie z plik\u00f3w cookie.<\/p>\n\t\t\t\t\t\t<\/div>\n\t\t\t\t<\/div>\n\t\t\t\t\t<\/div>\n\t\t<\/div>\n\t\t\t\t\t\t\t<\/div>\n\t\t<\/section>\n\t\t\t\t\t<\/div>\n\t\t<\/div>\n\t\t\t\t\t\t\t<\/div>\n\t\t<\/section>\n\t\t\t\t\t\t\t<\/div>\n\t\t","protected":false},"excerpt":{"rendered":"<p>Og\u00f3lnie Informacje dobrowolnie dostarczone przez u\u017cytkownik\u00f3w wspomnianej strony internetowej s\u0105 wykorzystywane przez quizem.com w celu umo\u017cliwienia u\u017cytkownikom bezpo\u015bredniej i znacz\u0105cej komunikacji ze sklepem, uzyskania odpowiedzi na konkretne pytania, kt\u00f3re zadaj\u0105, a tak\u017ce w celu obs\u0142ugi i realizacji ich zam\u00f3wie\u0144. Informacje, kt\u00f3re quizem.com gromadzi za po\u015brednictwem strony internetowej, maj\u0105 na celu zmierzenie liczby odwiedzin, okre\u015blenie wymaga\u0144 [&hellip;]<\/p>\n","protected":false},"author":2,"featured_media":0,"parent":0,"menu_order":0,"comment_status":"closed","ping_status":"closed","template":"","meta":{"footnotes":""},"class_list":["post-902","page","type-page","status-publish","hentry"],"acf":[],"_links":{"self":[{"href":"https:\/\/e-switchon.eu\/pl\/wp-json\/wp\/v2\/pages\/902","targetHints":{"allow":["GET"]}}],"collection":[{"href":"https:\/\/e-switchon.eu\/pl\/wp-json\/wp\/v2\/pages"}],"about":[{"href":"https:\/\/e-switchon.eu\/pl\/wp-json\/wp\/v2\/types\/page"}],"author":[{"embeddable":true,"href":"https:\/\/e-switchon.eu\/pl\/wp-json\/wp\/v2\/users\/2"}],"replies":[{"embeddable":true,"href":"https:\/\/e-switchon.eu\/pl\/wp-json\/wp\/v2\/comments?post=902"}],"version-history":[{"count":1,"href":"https:\/\/e-switchon.eu\/pl\/wp-json\/wp\/v2\/pages\/902\/revisions"}],"predecessor-version":[{"id":903,"href":"https:\/\/e-switchon.eu\/pl\/wp-json\/wp\/v2\/pages\/902\/revisions\/903"}],"wp:attachment":[{"href":"https:\/\/e-switchon.eu\/pl\/wp-json\/wp\/v2\/media?parent=902"}],"curies":[{"name":"wp","href":"https:\/\/api.w.org\/{rel}","templated":true}]}}