{"id":866,"date":"2022-09-30T11:19:55","date_gmt":"2022-09-30T11:19:55","guid":{"rendered":"https:\/\/e-switchon.eu\/politica-de-privacidad\/"},"modified":"2023-09-11T06:30:46","modified_gmt":"2023-09-11T06:30:46","slug":"politica-de-privacidad","status":"publish","type":"page","link":"https:\/\/e-switchon.eu\/es\/politica-de-privacidad\/","title":{"rendered":"Pol\u00edtica de privacidad"},"content":{"rendered":"\t\t<div data-elementor-type=\"wp-page\" data-elementor-id=\"866\" class=\"elementor elementor-866 elementor-203\">\n\t\t\t\t\t\t\t\t\t<section class=\"elementor-section elementor-top-section elementor-element elementor-element-13a6f1a elementor-section-boxed elementor-section-height-default elementor-section-height-default\" data-id=\"13a6f1a\" data-element_type=\"section\">\n\t\t\t\t\t\t<div class=\"elementor-container elementor-column-gap-default\">\n\t\t\t\t\t<div class=\"elementor-column elementor-col-100 elementor-top-column elementor-element elementor-element-74fd6f4\" data-id=\"74fd6f4\" data-element_type=\"column\">\n\t\t\t<div class=\"elementor-widget-wrap elementor-element-populated\">\n\t\t\t\t\t\t\t\t<section class=\"elementor-section elementor-inner-section elementor-element elementor-element-ec346ca elementor-section-boxed elementor-section-height-default elementor-section-height-default\" data-id=\"ec346ca\" data-element_type=\"section\">\n\t\t\t\t\t\t<div class=\"elementor-container elementor-column-gap-default\">\n\t\t\t\t\t<div class=\"elementor-column elementor-col-100 elementor-inner-column elementor-element elementor-element-72fbaca\" data-id=\"72fbaca\" data-element_type=\"column\">\n\t\t\t<div class=\"elementor-widget-wrap elementor-element-populated\">\n\t\t\t\t\t\t\t\t<div class=\"elementor-element elementor-element-d5ba0d6 elementor-widget elementor-widget-text-editor\" data-id=\"d5ba0d6\" data-element_type=\"widget\" data-widget_type=\"text-editor.default\">\n\t\t\t\t<div class=\"elementor-widget-container\">\n\t\t\t<style>\/*! elementor - v3.8.1 - 13-11-2022 *\/\n.elementor-widget-text-editor.elementor-drop-cap-view-stacked .elementor-drop-cap{background-color:#818a91;color:#fff}.elementor-widget-text-editor.elementor-drop-cap-view-framed .elementor-drop-cap{color:#818a91;border:3px solid;background-color:transparent}.elementor-widget-text-editor:not(.elementor-drop-cap-view-default) .elementor-drop-cap{margin-top:8px}.elementor-widget-text-editor:not(.elementor-drop-cap-view-default) .elementor-drop-cap-letter{width:1em;height:1em}.elementor-widget-text-editor .elementor-drop-cap{float:left;text-align:center;line-height:1;font-size:50px}.elementor-widget-text-editor .elementor-drop-cap-letter{display:inline-block}<\/style>\t\t\t\t<p><strong>Privacidad<\/strong><\/p>\n<p>La informaci\u00f3n proporcionada voluntariamente por los usuarios del mencionado sitio web es utilizada por quizem.com, con el fin de que sus usuarios tengan una comunicaci\u00f3n directa y significativa con la tienda, se les proporcionen respuestas a preguntas espec\u00edficas que formulen y, finalmente, se les atiendan y ejecuten sus pedidos. La informaci\u00f3n que quizem.com recopila a trav\u00e9s del sitio web tiene por objeto medir sus cifras de tr\u00e1fico, determinar las necesidades de los clientes en cuanto a m\u00e1s productos y facilitar las relaciones con la empresa. quizem.com no distribuye las direcciones de correo electr\u00f3nico, ni ninguna otra informaci\u00f3n relativa a sus usuarios y clientes a ninguna otra organizaci\u00f3n o socio que no est\u00e9 relacionado con quizem.com.<\/p>\n<p><strong>Recopilaci\u00f3n de informaci\u00f3n<\/strong><\/p>\n<p>Quizem.com ha dise\u00f1ado su sitio web de forma que sus usuarios puedan visitarlo sin tener que revelar su identidad, a menos que decidan hacerlo. A los visitantes de nuestro sitio web se les pide que nos proporcionen sus datos personales s\u00f3lo si desean pedir producto(s), registrarse en nuestro sitio web y\/o enviar un correo electr\u00f3nico a quizem.com<\/p>\n<p><strong>Uso de la Informaci\u00f3n<\/strong><\/p>\n<p>Quizem.com recoge dos tipos de informaci\u00f3n sobre los usuarios: (1) la informaci\u00f3n que el usuario nos facilita al registrarse como cliente, (2) la informaci\u00f3n que el usuario nos facilita para poder cumplir con su pedido a quizem.com. Al rellenar cualquier formulario de pedido en nuestro sitio web, se le pedir\u00e1 su nombre completo, direcci\u00f3n, c\u00f3digo postal de su zona, direcci\u00f3n de correo electr\u00f3nico, n\u00famero de tel\u00e9fono, datos de la tarjeta de cr\u00e9dito y forma de pago del pedido. Adem\u00e1s, es posible que se le solicite informaci\u00f3n m\u00e1s espec\u00edfica, como informaci\u00f3n sobre el env\u00edo y la entrega de un pedido, informaci\u00f3n de facturaci\u00f3n o detalles sobre una oferta que haya solicitado. quizem.com utiliza la informaci\u00f3n que nos facilita durante el env\u00edo en l\u00ednea del formulario para ponerse en contacto con usted en relaci\u00f3n con (i) la entrega del pedido en su localidad, (ii) para confirmar e identificar al cliente en cualquier caso necesario, (iii) para productos nuevos o alternativos ofrecidos por quizem.com, (iv) ofertas especiales de quizem.com, (v) recepci\u00f3n de premios tras la celebraci\u00f3n de un sorteo.<\/p>\n<p><strong>Correcci\u00f3n, modificaci\u00f3n o eliminaci\u00f3n de informaci\u00f3n<\/strong><\/p>\n<p>Quizem.com permite a sus usuarios corregir, cambiar, completar o borrar los datos y la informaci\u00f3n enviada a quizem.com. Si el usuario decide borrar informaci\u00f3n, quizem.com actuar\u00e1 para borrar esa informaci\u00f3n de sus registros inmediatamente. Para la protecci\u00f3n y seguridad del usuario quizem.com intentar\u00e1 asegurarse de que la persona que realiza los cambios es efectivamente la misma que el usuario. Para acceder, modificar o eliminar sus datos personales, para informar de problemas relativos al funcionamiento del sitio web o para formular cualquier pregunta, p\u00f3ngase en contacto con quizem.com a trav\u00e9s de www.quizem.com. Tambi\u00e9n puede modificar o corregir sus datos personales a trav\u00e9s de la p\u00e1gina de registro de quizem.com. Tenga en cuenta que haremos todo lo posible para proteger sus datos personales, si bien la protecci\u00f3n de su contrase\u00f1a en nuestro sitio web tambi\u00e9n le corresponde al propio usuario.<\/p>\n<p><strong>Cambios peri\u00f3dicos<\/strong><\/p>\n<p>Quizem.com est\u00e1 en constante expansi\u00f3n, actualizaci\u00f3n y mejora de su sitio web, as\u00ed como de los productos y servicios relacionados, y actualizar\u00e1 esta pol\u00edtica. Le recomendamos que lea este procedimiento a intervalos regulares, con el fin de estar informado de cualquier cambio en el contenido de esta pol\u00edtica de protecci\u00f3n de datos personales. Esta pol\u00edtica se modificar\u00e1 de vez en cuando sin previo aviso a los usuarios. Aceptaci\u00f3n de los Procedimientos de Protecci\u00f3n de la Privacidad implementados por quizem.com<\/p>\n<p>Si utiliza este sitio web, usted acepta y est\u00e1 de acuerdo con esta Declaraci\u00f3n de Privacidad, as\u00ed como con los t\u00e9rminos y condiciones de uso del sitio web que se han anunciado a trav\u00e9s del mismo.<\/p>\n<p><strong>Pol\u00edtica de cookies<\/strong><\/p>\n<p>Este sitio web utiliza cookies. Esto nos permite comprender mejor el uso que hacen los visitantes de nuestro sitio web y ofrecerles una experiencia m\u00e1s personalizada. Durante su navegaci\u00f3n, podemos recopilar datos estad\u00edsticos directamente o a trav\u00e9s de nuestros socios.<\/p>\n<p><strong>\u00bfQu\u00e9 son las cookies?<\/strong><\/p>\n<p>Las cookies son peque\u00f1os archivos de texto que se almacenan en el disco duro de cada visitante\/usuario, en su tel\u00e9fono inteligente o en otro dispositivo conectado a Internet para la identificaci\u00f3n exclusiva del navegador del visitante o el almacenamiento de informaci\u00f3n y ajustes en el navegador, como el idioma preferido.<\/p>\n<p>Se utilizan para facilitar el acceso del visitante\/usuario en cuanto al uso de servicios espec\u00edficos de nuestro sitio, para proporcionar p\u00e1ginas web personalizadas y para adaptar la publicidad y otros contenidos de modo que reflejen sus necesidades e intereses particulares. Esto puede facilitar su pr\u00f3xima visita y hacer que el sitio le resulte de mayor utilidad.<\/p>\n<p>Las cookies no pueden ejecutarse como c\u00f3digos ni utilizarse para transmitir virus y no pueden darnos acceso a su disco duro. No podemos leer ninguna informaci\u00f3n de su disco duro, aunque almacenemos cookies en \u00e9l. No podemos averiguar su identidad personal a partir de esta informaci\u00f3n.<\/p>\n<p>Puede desactivar las cookies ya almacenadas en su ordenador, pero es importante que sepa que algunas funciones s\u00f3lo est\u00e1n disponibles mediante el uso de cookies y, si decide rechazarlas, es posible que estas funciones no est\u00e9n disponibles.<\/p>\n<p>El uso de cookies en nuestro sitio web abarca las siguientes categor\u00edas:<\/p>\n<p><strong>Cookies estrictamente necesarias<\/strong><\/p>\n<p>Estas cookies son esenciales para llevar a cabo una transacci\u00f3n o una solicitud enviada por usted. Algunos ejemplos son el almacenamiento (\u00abmemorizaci\u00f3n\u00bb) de la informaci\u00f3n proporcionada por el usuario mientras navega por el sitio para enviar o realizar el seguimiento de un paquete y la gesti\u00f3n de su estado de inicio de sesi\u00f3n durante su visita.<\/p>\n<p><strong>Cookies funcionales<\/strong><\/p>\n<p>Estas cookies permiten que el sitio web recuerde las elecciones que usted ha hecho con el fin de proporcionar una mayor funcionalidad para usted. Por ejemplo, las cookies funcionales permiten al sitio web recordar ajustes espec\u00edficos del usuario, como la selecci\u00f3n de su pa\u00eds y el estado de conexi\u00f3n continua si ha sido seleccionado por el usuario, y mostrar env\u00edos anteriores, paquetes rastreados y otras funciones personalizadas.<\/p>\n<p><strong>Cookies detalladas<\/strong><\/p>\n<p>Estas cookies nos permiten recopilar datos relacionados con su uso del sitio web, incluido el contenido en el que hace clic mientras navega por el sitio web, con el fin de mejorar el rendimiento y el dise\u00f1o del sitio web. Estas cookies pueden ser proporcionadas por el proveedor externo de herramientas anal\u00edticas, pero s\u00f3lo se utilizan para fines relacionados con nuestros sitios web.<\/p>\n<p><strong>Cookies espec\u00edficas<\/strong><\/p>\n<p>Estas cookies recuerdan informaci\u00f3n sobre su uso del sitio web para que podamos ofrecerle informaci\u00f3n promocional y otra informaci\u00f3n espec\u00edfica en nuestro sitio web.<\/p>\n<p><strong>Cookies de prevenci\u00f3n de fraude<\/strong><\/p>\n<p>Estas cookies almacenan informaci\u00f3n que nos ayuda a detener el uso fraudulento del sitio web.<\/p>\n<p><strong>Cookies de seguimiento<\/strong><\/p>\n<p>Estas cookies nos permiten almacenar informaci\u00f3n sobre c\u00f3mo llegaron los usuarios al sitio web. Necesitamos registrar esta informaci\u00f3n para poder pagar adecuadamente a nuestros afiliados.<\/p>\n<p><strong>Cookies para la evaluaci\u00f3n del rendimiento del sitio web<\/strong><\/p>\n<p>Estas cookies se utilizan para recopilar datos estad\u00edsticos an\u00f3nimos que nos permiten comprender c\u00f3mo utiliza el p\u00fablico nuestro sitio web y nos ayudan a mejorar su estructura y contenido.<\/p>\n<p>Cuando se proporcionan enlaces a sitios web de terceros en el sitio web, es importante recordar que estos sitios web tendr\u00e1n sus propias cookies y pol\u00edticas de privacidad que regir\u00e1n cualquier informaci\u00f3n que usted pueda enviar. Si decide utilizar cualquier sitio web de terceros enlazado, lea sus pol\u00edticas de cookies y privacidad antes de hacerlo.<\/p>\n<\/p>\n<p><strong>Revisi\u00f3n de la configuraci\u00f3n de cookies en el navegador<\/strong><\/p>\n<p>Cada navegador web proporciona instrucciones claras sobre la pol\u00edtica de uso de cookies. Para obtener m\u00e1s informaci\u00f3n sobre la gesti\u00f3n de cookies, visite el enlace correspondiente a continuaci\u00f3n.<\/p>\n<p>Internet Explorer<\/p>\n<p>Firefox<\/p>\n<p>Google Chrome<\/p>\n<p>Safari<\/p>\n<p>Le recomendamos que consulte la documentaci\u00f3n oficial del fabricante para obtener informaci\u00f3n m\u00e1s actualizada. Puede encontrar m\u00e1s informaci\u00f3n sobre las cookies en www.allaboutcookies.org. Si contin\u00faa navegando por este sitio web, consideramos que acepta el uso de cookies.<\/p>\n\t\t\t\t\t\t<\/div>\n\t\t\t\t<\/div>\n\t\t\t\t\t<\/div>\n\t\t<\/div>\n\t\t\t\t\t\t\t<\/div>\n\t\t<\/section>\n\t\t\t\t\t<\/div>\n\t\t<\/div>\n\t\t\t\t\t\t\t<\/div>\n\t\t<\/section>\n\t\t\t\t\t\t\t<\/div>\n\t\t","protected":false},"excerpt":{"rendered":"<p>Privacidad La informaci\u00f3n proporcionada voluntariamente por los usuarios del mencionado sitio web es utilizada por quizem.com, con el fin de que sus usuarios tengan una comunicaci\u00f3n directa y significativa con la tienda, se les proporcionen respuestas a preguntas espec\u00edficas que formulen y, finalmente, se les atiendan y ejecuten sus pedidos. La informaci\u00f3n que quizem.com recopila [&hellip;]<\/p>\n","protected":false},"author":2,"featured_media":0,"parent":0,"menu_order":0,"comment_status":"closed","ping_status":"closed","template":"","meta":{"footnotes":""},"class_list":["post-866","page","type-page","status-publish","hentry"],"acf":[],"_links":{"self":[{"href":"https:\/\/e-switchon.eu\/es\/wp-json\/wp\/v2\/pages\/866","targetHints":{"allow":["GET"]}}],"collection":[{"href":"https:\/\/e-switchon.eu\/es\/wp-json\/wp\/v2\/pages"}],"about":[{"href":"https:\/\/e-switchon.eu\/es\/wp-json\/wp\/v2\/types\/page"}],"author":[{"embeddable":true,"href":"https:\/\/e-switchon.eu\/es\/wp-json\/wp\/v2\/users\/2"}],"replies":[{"embeddable":true,"href":"https:\/\/e-switchon.eu\/es\/wp-json\/wp\/v2\/comments?post=866"}],"version-history":[{"count":1,"href":"https:\/\/e-switchon.eu\/es\/wp-json\/wp\/v2\/pages\/866\/revisions"}],"predecessor-version":[{"id":867,"href":"https:\/\/e-switchon.eu\/es\/wp-json\/wp\/v2\/pages\/866\/revisions\/867"}],"wp:attachment":[{"href":"https:\/\/e-switchon.eu\/es\/wp-json\/wp\/v2\/media?parent=866"}],"curies":[{"name":"wp","href":"https:\/\/api.w.org\/{rel}","templated":true}]}}